{"id":1528,"date":"2019-06-21T15:55:15","date_gmt":"2019-06-21T13:55:15","guid":{"rendered":"http:\/\/captrain.es\/en\/?page_id=1528"},"modified":"2024-04-03T17:52:04","modified_gmt":"2024-04-03T15:52:04","slug":"ethical-code","status":"publish","type":"page","link":"https:\/\/captrain.es\/en\/ethical-code\/","title":{"rendered":"Ethical code"},"content":{"rendered":"<div id='home'  class='avia-section main_color avia-section-no-padding avia-no-border-styling  avia-full-stretch avia-bg-style-scroll  avia-builder-el-0  el_before_av_image  avia-builder-el-first   container_wrap fullsize' style='background-repeat: no-repeat; background-image: url(https:\/\/captrain.es\/en\/wp-content\/uploads\/2019\/08\/CAPTRAIN_ESPANA_FOND_MOBILE_0408.jpg);background-attachment: scroll; background-position: center center;  '  data-section-bg-repeat='stretch'><div class='container' ><main  role=\"main\" itemprop=\"mainContentOfPage\"  class='template-page content  av-content-full alpha units'><div class='post-entry post-entry-type-page post-entry-1528'><div class='entry-content-wrapper clearfix'>\n<div class=\"flex_column av_one_fourth  av-animated-generic left-to-right  flex_column_div first  avia-builder-el-1  el_before_av_one_half  avia-builder-el-first  \" style='background: rgba(0,0,0,0.63); padding:30px; background-color:rgba(0,0,0,0.63); border-radius:0px; '><section class=\"av_textblock_section \"  itemscope=\"itemscope\" itemtype=\"https:\/\/schema.org\/CreativeWork\" ><div class='avia_textblock  '   itemprop=\"text\" ><p><strong style=\"color: #ffffff;\">Documents<\/strong><\/p>\n<p><strong><a href=\"https:\/\/captrain.es\/wp-content\/uploads\/2024\/04\/PL0170_R1-Politica-anticorrupcion-y-prevencion-del-soborno.pdf\" target=\"_blank\" rel=\"noopener\">PL0170 Pol\u00edtica anticorrupci\u00f3n y prevenci\u00f3n del soborno<\/a><\/strong><\/p>\n<p><strong><a href=\"https:\/\/captrain.es\/wp-content\/uploads\/2024\/04\/PS0147_R2-Codigo-Etico-de-CAPTRAIN-Espana.pdf\" target=\"_blank\" rel=\"noopener\">PS0147 C\u00f3digo \u00c9tico de CAPTRAIN Espa\u00f1a<\/a><\/strong><\/p>\n<p><strong><a href=\"https:\/\/captrain.es\/wp-content\/uploads\/2024\/04\/PS0148_R2-Compliance-Penal.pdf\" target=\"_blank\" rel=\"noopener\">PS0148 Compliance Penal<\/a><\/strong><\/p>\n<p><strong><a href=\"https:\/\/captrain.es\/wp-content\/uploads\/2024\/04\/PS0149_R2-Procedimiento-de-prevencion-y-respuesta-ante-delitos.pdf\" target=\"_blank\" rel=\"noopener\">PS0149 Procedimiento de prevenci\u00f3n y respuesta ante delitos<\/a><\/strong><\/p>\n<\/div><\/section><\/div><div class=\"flex_column av_one_half  av-animated-generic left-to-right  flex_column_div   avia-builder-el-3  el_after_av_one_fourth  el_before_av_one_fourth  \" style='background: rgba(0,0,0,0.18); padding:30px; background-color:rgba(0,0,0,0.18); border-radius:0px; '><section class=\"av_textblock_section \"  itemscope=\"itemscope\" itemtype=\"https:\/\/schema.org\/CreativeWork\" ><div class='avia_textblock  '   itemprop=\"text\" ><p><span style=\"color: #ffffff;\"><strong>C\u00f3digo \u00e9tico<\/strong><\/span><\/p>\n<p><span style=\"color: #ffffff;\">El C\u00f3digo \u00c9tico de Captrain Espa\u00f1a refleja los valores y los principios de comportamiento que rigen la actividad de la empresa y que orientan la conducta y el proceder de todos y los empleados que conforman la organizaci\u00f3n. Dichas pautas son aplicables en todos los pa\u00edses en los que opera y extensibles a aquellos clientes y proveedores que colaboran con la empresa.<\/span><\/p>\n<p><span style=\"color: #ffffff;\">El documento determina la manera de proceder de los empleados en sus relaciones profesionales en aquellas cuestiones de \u00edndole \u00e9tica y de integridad relacionadas con los compromisos de la organizaci\u00f3n y con la normativa aplicable.<\/span><\/p>\n<p><span style=\"color: #ffffff;\">El C\u00f3digo \u00c9tico de Captrain Espa\u00f1a incide especialmente en los siguientes principios b\u00e1sicos:<\/span><\/p>\n<ul>\n<li><span style=\"color: #ffffff;\"><strong>1. Compromiso con la legalidad<\/strong><\/span><\/li>\n<\/ul>\n<p><span style=\"color: #ffffff;\">Todas las actividades empresariales de Captrain Espa\u00f1a y de sus profesionales se desarrollan cumpliendo rigurosamente la normativa vigente en cada uno de los pa\u00edses en los que opera.<\/span><\/p>\n<ul>\n<li><span style=\"color: #ffffff;\"><strong>2. Compromiso con las buenas pr\u00e1cticas<\/strong><\/span><\/li>\n<\/ul>\n<p><span style=\"color: #ffffff;\">Captrain Espa\u00f1a aplica el principio de tolerancia cero ante las malas pr\u00e1cticas en materia de \u00e9tica e integridad. Todas sus actuaciones y las de sus profesionales se llevan a cabo desde la honestidad y la responsabilidad, evitando cualquier pr\u00e1ctica que atente contra la \u00e9tica empresarial.<\/span><\/p>\n<ul>\n<li><span style=\"color: #ffffff;\"><strong>3. Compromiso con los derechos humanos<\/strong><\/span><\/li>\n<\/ul>\n<p><span style=\"color: #ffffff;\">Las actividades de Captrain Espa\u00f1a y de sus empleados se desarrollan bajo el respeto hacia los derechos humanos y las libertades p\u00fablicas. Captrain Espa\u00f1a no tolera ning\u00fan tipo de discriminaci\u00f3n y rechaza de manera expresa cualquier tipo de conducta que vulnere dichos principios.<\/span><\/p>\n<ul>\n<li><span style=\"color: #ffffff;\"><strong>4. Compromiso ambiental y social<\/strong><\/span><\/li>\n<\/ul>\n<p><span style=\"color: #ffffff;\">Captrain Espa\u00f1a desarrolla su actividad con el mayor respeto al medio ambiente, minimizando los efectos que eventualmente pudiera ocasionar. Su compromiso con la sociedad se concreta a trav\u00e9s del apoyo que presta a organizaciones sociales.<\/span><\/p>\n<p><span style=\"color: #ffffff;\">El grupo destina recursos orientados a prevenir, detectar y erradicar malas pr\u00e1cticas. En este sentido, la Comisi\u00f3n de \u00c9tica, creada tiene como principales acometidos velar por la aplicaci\u00f3n de los principios y valores del C\u00f3digo \u00c9tico y, a tal fin, fomentar la comprensi\u00f3n del mismo dentro de la organizaci\u00f3n, asegurar el correcto funcionamiento del canal de denuncias y tramitar las notificaciones recibidas acerca de irregularidades con el fin de garantizar su respeto y cumplimiento.<\/span><\/p>\n<p><span style=\"color: #ffffff;\"><strong>Manual de Prevenci\u00f3n y Respuesta<\/strong><\/span><\/p>\n<p><span style=\"color: #ffffff;\">El Manual de Prevenci\u00f3n y Respuesta ante Delitos tiene como finalidad estructurar un sistema de prevenci\u00f3n y respuesta frente a posibles conductas delictivas o contrarias a los principios del C\u00f3digo \u00c9tico, a trav\u00e9s de actuaciones y controles en el seno de Captrain Espa\u00f1a, de forma que se reduzca el riesgo de su comisi\u00f3n.<\/span><\/p>\n<p><span style=\"color: #ffffff;\"><strong>Pol\u00edtica de cumplimiento penal<\/strong><\/span><\/p>\n<p><span style=\"color: #ffffff;\">La Pol\u00edtica de Cumplimiento Penal del grupo describe las diferentes tipolog\u00edas de delitos que, conforme el C\u00f3digo Penal, pueden ser imputables a personas jur\u00eddicas en Espa\u00f1a. En esta l\u00ednea, el documento establece las pautas de comportamiento que deben regir las actuaciones de los profesionales del grupo y de todas aquellas personas f\u00edsicas y jur\u00eddicas externas que se relacionan con Captrain Espa\u00f1a.<\/span><\/p>\n<\/div><\/section><\/div><div class=\"flex_column av_one_fourth  av-animated-generic left-to-right  flex_column_div   avia-builder-el-5  el_after_av_one_half  avia-builder-el-last  \" style='padding:30px 0 0 0 ; border-radius:0px; '><\/div><\/div><\/div><\/main><!-- close content main element --><\/div><\/div><div id='after_section_1'  class='main_color av_default_container_wrap container_wrap fullsize' style=' '  ><div class='container' ><div class='template-page content  av-content-full alpha units'><div class='post-entry post-entry-type-page post-entry-1528'><div class='entry-content-wrapper clearfix'><div  class='avia-image-container avia_animated_image avia_animate_when_almost_visible left-to-right av-styling-no-styling    avia-builder-el-6  el_after_av_section  avia-builder-el-no-sibling  avia-align-center '  itemprop=\"image\" itemscope=\"itemscope\" itemtype=\"https:\/\/schema.org\/ImageObject\"  ><div class='avia-image-container-inner'><div class='avia-image-overlay-wrap'><img class='avia_image' src='http:\/\/captrain.es\/en\/wp-content\/uploads\/2018\/10\/CAPTRAIN_SEPARATEUR.png' alt='' title=''   itemprop=\"thumbnailUrl\"  \/><\/div><\/div><\/div><\/p>\n","protected":false},"excerpt":{"rendered":"","protected":false},"author":6,"featured_media":1457,"parent":0,"menu_order":0,"comment_status":"open","ping_status":"closed","template":"","meta":[],"yoast_head":"<!-- This site is optimized with the Yoast SEO plugin v18.6 - https:\/\/yoast.com\/wordpress\/plugins\/seo\/ -->\n<title>Ethical code - CAPTRAIN SPAIN<\/title>\n<meta name=\"description\" content=\"Captrain Espa\u00f1a Edificio Numancia 1 C. Viriato 47, 9\u00aa planta08014 Barcelona, SpainT +34 933 662 141F +34 934 195 043captrain@captrain.es\" \/>\n<meta name=\"robots\" content=\"index, follow, max-snippet:-1, max-image-preview:large, max-video-preview:-1\" \/>\n<link rel=\"canonical\" href=\"https:\/\/captrain.es\/en\/ethical-code\/\" \/>\n<meta property=\"og:locale\" content=\"en_US\" \/>\n<meta property=\"og:type\" content=\"article\" \/>\n<meta property=\"og:title\" content=\"Ethical code - CAPTRAIN SPAIN\" \/>\n<meta property=\"og:description\" content=\"Captrain Espa\u00f1a Edificio Numancia 1 C. Viriato 47, 9\u00aa planta08014 Barcelona, SpainT +34 933 662 141F +34 934 195 043captrain@captrain.es\" \/>\n<meta property=\"og:url\" content=\"https:\/\/captrain.es\/en\/ethical-code\/\" \/>\n<meta property=\"og:site_name\" content=\"CAPTRAIN SPAIN\" \/>\n<meta property=\"article:modified_time\" content=\"2024-04-03T15:52:04+00:00\" \/>\n<meta property=\"og:image\" content=\"https:\/\/captrain.es\/en\/wp-content\/uploads\/2018\/12\/CAPTRAIN_ESPANA_OFFER_ES.jpg\" \/>\n\t<meta property=\"og:image:width\" content=\"1800\" \/>\n\t<meta property=\"og:image:height\" content=\"750\" \/>\n\t<meta property=\"og:image:type\" content=\"image\/jpeg\" \/>\n<meta name=\"twitter:card\" content=\"summary_large_image\" \/>\n<meta name=\"twitter:label1\" content=\"Est. reading time\" \/>\n\t<meta name=\"twitter:data1\" content=\"6 minutes\" \/>\n<script type=\"application\/ld+json\" class=\"yoast-schema-graph\">{\"@context\":\"https:\/\/schema.org\",\"@graph\":[{\"@type\":\"WebSite\",\"@id\":\"https:\/\/captrain.es\/en\/#website\",\"url\":\"https:\/\/captrain.es\/en\/\",\"name\":\"CAPTRAIN SPAIN\",\"description\":\"CAPTRAIN SPAIN\",\"potentialAction\":[{\"@type\":\"SearchAction\",\"target\":{\"@type\":\"EntryPoint\",\"urlTemplate\":\"https:\/\/captrain.es\/en\/?s={search_term_string}\"},\"query-input\":\"required name=search_term_string\"}],\"inLanguage\":\"en-US\"},{\"@type\":\"ImageObject\",\"@id\":\"https:\/\/captrain.es\/en\/ethical-code\/#primaryimage\",\"inLanguage\":\"en-US\",\"url\":\"https:\/\/captrain.es\/en\/wp-content\/uploads\/2018\/12\/CAPTRAIN_ESPANA_OFFER_ES.jpg\",\"contentUrl\":\"https:\/\/captrain.es\/en\/wp-content\/uploads\/2018\/12\/CAPTRAIN_ESPANA_OFFER_ES.jpg\",\"width\":1800,\"height\":750,\"caption\":\"Captrain Spain services train\"},{\"@type\":\"WebPage\",\"@id\":\"https:\/\/captrain.es\/en\/ethical-code\/#webpage\",\"url\":\"https:\/\/captrain.es\/en\/ethical-code\/\",\"name\":\"Ethical code - CAPTRAIN SPAIN\",\"isPartOf\":{\"@id\":\"https:\/\/captrain.es\/en\/#website\"},\"primaryImageOfPage\":{\"@id\":\"https:\/\/captrain.es\/en\/ethical-code\/#primaryimage\"},\"datePublished\":\"2019-06-21T13:55:15+00:00\",\"dateModified\":\"2024-04-03T15:52:04+00:00\",\"description\":\"Captrain Espa\u00f1a Edificio Numancia 1 C. Viriato 47, 9\u00aa planta08014 Barcelona, SpainT +34 933 662 141F +34 934 195 043captrain@captrain.es\",\"breadcrumb\":{\"@id\":\"https:\/\/captrain.es\/en\/ethical-code\/#breadcrumb\"},\"inLanguage\":\"en-US\",\"potentialAction\":[{\"@type\":\"ReadAction\",\"target\":[\"https:\/\/captrain.es\/en\/ethical-code\/\"]}]},{\"@type\":\"BreadcrumbList\",\"@id\":\"https:\/\/captrain.es\/en\/ethical-code\/#breadcrumb\",\"itemListElement\":[{\"@type\":\"ListItem\",\"position\":1,\"name\":\"Accueil\",\"item\":\"https:\/\/captrain.es\/en\/home\/\"},{\"@type\":\"ListItem\",\"position\":2,\"name\":\"Ethical code\"}]}]}<\/script>\n<!-- \/ Yoast SEO plugin. -->","yoast_head_json":{"title":"Ethical code - CAPTRAIN SPAIN","description":"Captrain Espa\u00f1a Edificio Numancia 1 C. Viriato 47, 9\u00aa planta08014 Barcelona, SpainT +34 933 662 141F +34 934 195 043captrain@captrain.es","robots":{"index":"index","follow":"follow","max-snippet":"max-snippet:-1","max-image-preview":"max-image-preview:large","max-video-preview":"max-video-preview:-1"},"canonical":"https:\/\/captrain.es\/en\/ethical-code\/","og_locale":"en_US","og_type":"article","og_title":"Ethical code - CAPTRAIN SPAIN","og_description":"Captrain Espa\u00f1a Edificio Numancia 1 C. Viriato 47, 9\u00aa planta08014 Barcelona, SpainT +34 933 662 141F +34 934 195 043captrain@captrain.es","og_url":"https:\/\/captrain.es\/en\/ethical-code\/","og_site_name":"CAPTRAIN SPAIN","article_modified_time":"2024-04-03T15:52:04+00:00","og_image":[{"width":1800,"height":750,"url":"https:\/\/captrain.es\/en\/wp-content\/uploads\/2018\/12\/CAPTRAIN_ESPANA_OFFER_ES.jpg","type":"image\/jpeg"}],"twitter_card":"summary_large_image","twitter_misc":{"Est. reading time":"6 minutes"},"schema":{"@context":"https:\/\/schema.org","@graph":[{"@type":"WebSite","@id":"https:\/\/captrain.es\/en\/#website","url":"https:\/\/captrain.es\/en\/","name":"CAPTRAIN SPAIN","description":"CAPTRAIN SPAIN","potentialAction":[{"@type":"SearchAction","target":{"@type":"EntryPoint","urlTemplate":"https:\/\/captrain.es\/en\/?s={search_term_string}"},"query-input":"required name=search_term_string"}],"inLanguage":"en-US"},{"@type":"ImageObject","@id":"https:\/\/captrain.es\/en\/ethical-code\/#primaryimage","inLanguage":"en-US","url":"https:\/\/captrain.es\/en\/wp-content\/uploads\/2018\/12\/CAPTRAIN_ESPANA_OFFER_ES.jpg","contentUrl":"https:\/\/captrain.es\/en\/wp-content\/uploads\/2018\/12\/CAPTRAIN_ESPANA_OFFER_ES.jpg","width":1800,"height":750,"caption":"Captrain Spain services train"},{"@type":"WebPage","@id":"https:\/\/captrain.es\/en\/ethical-code\/#webpage","url":"https:\/\/captrain.es\/en\/ethical-code\/","name":"Ethical code - CAPTRAIN SPAIN","isPartOf":{"@id":"https:\/\/captrain.es\/en\/#website"},"primaryImageOfPage":{"@id":"https:\/\/captrain.es\/en\/ethical-code\/#primaryimage"},"datePublished":"2019-06-21T13:55:15+00:00","dateModified":"2024-04-03T15:52:04+00:00","description":"Captrain Espa\u00f1a Edificio Numancia 1 C. Viriato 47, 9\u00aa planta08014 Barcelona, SpainT +34 933 662 141F +34 934 195 043captrain@captrain.es","breadcrumb":{"@id":"https:\/\/captrain.es\/en\/ethical-code\/#breadcrumb"},"inLanguage":"en-US","potentialAction":[{"@type":"ReadAction","target":["https:\/\/captrain.es\/en\/ethical-code\/"]}]},{"@type":"BreadcrumbList","@id":"https:\/\/captrain.es\/en\/ethical-code\/#breadcrumb","itemListElement":[{"@type":"ListItem","position":1,"name":"Accueil","item":"https:\/\/captrain.es\/en\/home\/"},{"@type":"ListItem","position":2,"name":"Ethical code"}]}]}},"_links":{"self":[{"href":"https:\/\/captrain.es\/en\/wp-json\/wp\/v2\/pages\/1528"}],"collection":[{"href":"https:\/\/captrain.es\/en\/wp-json\/wp\/v2\/pages"}],"about":[{"href":"https:\/\/captrain.es\/en\/wp-json\/wp\/v2\/types\/page"}],"author":[{"embeddable":true,"href":"https:\/\/captrain.es\/en\/wp-json\/wp\/v2\/users\/6"}],"replies":[{"embeddable":true,"href":"https:\/\/captrain.es\/en\/wp-json\/wp\/v2\/comments?post=1528"}],"version-history":[{"count":5,"href":"https:\/\/captrain.es\/en\/wp-json\/wp\/v2\/pages\/1528\/revisions"}],"predecessor-version":[{"id":1766,"href":"https:\/\/captrain.es\/en\/wp-json\/wp\/v2\/pages\/1528\/revisions\/1766"}],"wp:featuredmedia":[{"embeddable":true,"href":"https:\/\/captrain.es\/en\/wp-json\/wp\/v2\/media\/1457"}],"wp:attachment":[{"href":"https:\/\/captrain.es\/en\/wp-json\/wp\/v2\/media?parent=1528"}],"curies":[{"name":"wp","href":"https:\/\/api.w.org\/{rel}","templated":true}]}}